{"id":26,"date":"2022-03-07T17:57:01","date_gmt":"2022-03-07T16:57:01","guid":{"rendered":"http:\/\/sonnenstudio.grandamp.de\/?page_id=26"},"modified":"2022-03-07T17:57:01","modified_gmt":"2022-03-07T16:57:01","slug":"rueckerstattung_rueckgaben","status":"publish","type":"page","link":"https:\/\/sonnenstudio.grandamp.de\/?page_id=26","title":{"rendered":"Richtlinie f\u00fcr R\u00fcckerstattungen und R\u00fcckgaben"},"content":{"rendered":"\n<p><strong>\u00dcberblick<\/strong><br>Unser R\u00fcckerstattungs- und R\u00fcckgaberecht betr\u00e4gt 30 Tage. Wenn seit Ihrem Kauf 30 Tage vergangen sind, k\u00f6nnen wir Ihnen keine vollst\u00e4ndige R\u00fcckerstattung oder keinen Umtausch anbieten.<\/p>\n\n\n\n<p>Um f\u00fcr eine R\u00fccksendung in Frage zu kommen, muss Ihr Artikel unbenutzt sein und sich in demselben Zustand befinden, in dem Sie ihn erhalten haben. Es muss sich auch in der Originalverpackung befinden.<\/p>\n\n\n\n<p>Es gibt bestimmte Situationen, in denen nur Teilr\u00fcckerstattungen gew\u00e4hrt werden:<br>Jeder Artikel, der sich nicht im Originalzustand befindet, ist besch\u00e4digt oder es fehlen Teile aus Gr\u00fcnden, die nicht auf unseren Fehler zur\u00fcckzuf\u00fchren sind.<br>Alle Artikel, die mehr als 30 Tage nach der Lieferung zur\u00fcckgegeben werden<\/p>\n\n\n\n<p><strong>R\u00fcckerstattungen<\/strong><br>Sobald Ihre R\u00fccksendung eingegangen und gepr\u00fcft wurde, senden wir Ihnen eine E-Mail, um Sie dar\u00fcber zu informieren, dass wir Ihre R\u00fccksendung erhalten haben. Wir werden Sie auch \u00fcber die Genehmigung oder Ablehnung Ihrer R\u00fcckerstattung benachrichtigen.<\/p>\n\n\n\n<p>Wenn Sie genehmigt werden, wird Ihre R\u00fcckerstattung bearbeitet und innerhalb einer bestimmten Anzahl von Tagen automatisch eine Gutschrift auf Ihrer Kreditkarte oder Ihrer urspr\u00fcnglichen Zahlungsmethode vorgenommen.<\/p>\n\n\n\n<p><strong>Versp\u00e4tete oder fehlende R\u00fcckerstattungen<\/strong><\/p>\n\n\n\n<p>Wenn Sie noch keine R\u00fcckerstattung erhalten haben, \u00fcberpr\u00fcfen Sie zun\u00e4chst Ihr Bankkonto erneut.<\/p>\n\n\n\n<p>Wenden Sie sich dann an Ihr Kreditkartenunternehmen, es kann einige Zeit dauern, bis Ihre R\u00fcckerstattung offiziell gebucht wird.<\/p>\n\n\n\n<p>Wenden Sie sich als n\u00e4chstes an Ihre Bank. Es gibt oft eine gewisse Bearbeitungszeit, bevor eine R\u00fcckerstattung gebucht wird.<\/p>\n\n\n\n<p>Wenn Sie all dies getan haben und Ihre R\u00fcckerstattung noch immer nicht erhalten haben, kontaktieren Sie uns bitte unter <a rel=\"noreferrer noopener\" href=\"https:\/\/deutsche-led-solution.de\/rueckerstattung_rueckgaben\/info@deutsche-led-solution.de\" target=\"_blank\">info@sonnenstudio.grandamp.de<\/a>.<\/p>\n\n\n\n<p>Sale-Artikel<\/p>\n\n\n\n<p>Es k\u00f6nnen nur Artikel zu regul\u00e4ren Preisen erstattet werden. Sale Artikel k\u00f6nnen nicht zur\u00fcckerstattet werden.<\/p>\n\n\n\n<p>Ersatzlieferungen<br>Wir ersetzen Artikel nur, wenn sie defekt oder besch\u00e4digt sind. Wenn Sie es gegen denselben Artikel umtauschen m\u00fcssen, senden Sie uns eine E-Mail an <a rel=\"noreferrer noopener\" href=\"https:\/\/deutsche-led-solution.de\/rueckerstattung_rueckgaben\/info@deutsche-led-solution.de\" target=\"_blank\">info@sonnenstudio.grandamp.de<\/a> und senden Sie Ihren Artikel an: Sun-Fun-Live Sonnenstudio, H\u00fcttenstrasse 31, 31655 Stadthagen<\/p>\n\n\n\n<p>Geschenke<br>Wenn der Artikel beim Kauf als Geschenk gekennzeichnet und direkt an Sie versandt wurde, erhalten Sie eine Geschenkgutschrift \u00fcber den Wert Ihrer R\u00fccksendung. Nach Erhalt des zur\u00fcckgesendeten Artikels wird Ihnen ein Geschenkgutschein zugesandt.<\/p>\n\n\n\n<p>Wenn der Artikel beim Kauf nicht als Geschenk gekennzeichnet war oder der Geschenkgeber die Bestellung an sich selbst versenden lie\u00df, um sie sp\u00e4ter an Sie weiterzugeben, senden wir dem Geschenkgeber eine R\u00fcckerstattung und er wird sich \u00fcber Ihre R\u00fccksendung informieren.<\/p>\n\n\n\n<p><strong>Versandr\u00fccksendungen<\/strong><br>Um Ihr Produkt zur\u00fcckzusenden, senden Sie es bitte an: Sun-Fun-Live Sonnenstudio, H\u00fcttenstrasse 31, 31655 Stadthagen.<\/p>\n\n\n\n<p>Sie sind f\u00fcr die Zahlung Ihrer eigenen Versandkosten f\u00fcr die R\u00fccksendung Ihres Artikels verantwortlich. Versandkosten sind nicht erstattungsf\u00e4hig. Wenn Sie eine R\u00fcckerstattung erhalten, werden die Kosten f\u00fcr den R\u00fcckversand von Ihrer R\u00fcckerstattung abgezogen.<\/p>\n\n\n\n<p>Je nachdem, wo Sie wohnen, kann es unterschiedlich lange dauern, bis Ihr umgetauschtes Produkt bei Ihnen eintrifft.<\/p>\n\n\n\n<p>Wenn Sie teurere Artikel zur\u00fccksenden, k\u00f6nnen Sie einen nachverfolgbaren Versandservice nutzen oder eine Versandversicherung abschlie\u00dfen. Wir garantieren nicht, dass wir Ihren zur\u00fcckgegebenen Artikel erhalten.<\/p>\n\n\n\n<p><strong>Brauchen Sie Hilfe?<\/strong><br>Kontaktieren Sie uns unter <a href=\"https:\/\/deutsche-led-solution.de\/rueckerstattung_rueckgaben\/info@deutsche-led-solution.de\"><a rel=\"noreferrer noopener\" href=\"https:\/\/deutsche-led-solution.de\/rueckerstattung_rueckgaben\/info@deutsche-led-solution.de\" target=\"_blank\">info@sonnenstudio.grandamp.d<\/a><\/a>e bei Fragen zu R\u00fcckerstattungen und R\u00fccksendungen.<\/p>\n","protected":false},"excerpt":{"rendered":"<p>\u00dcberblickUnser R\u00fcckerstattungs- und R\u00fcckgaberecht betr\u00e4gt 30 Tage. Wenn seit Ihrem Kauf 30 Tage vergangen sind, k\u00f6nnen wir Ihnen keine vollst\u00e4ndige R\u00fcckerstattung oder keinen Umtausch anbieten.&hellip;<\/p>\n","protected":false},"author":1,"featured_media":0,"parent":0,"menu_order":0,"comment_status":"closed","ping_status":"closed","template":"","meta":{"spay_email":"","footnotes":""},"class_list":["post-26","page","type-page","status-publish","hentry"],"_links":{"self":[{"href":"https:\/\/sonnenstudio.grandamp.de\/index.php?rest_route=\/wp\/v2\/pages\/26","targetHints":{"allow":["GET"]}}],"collection":[{"href":"https:\/\/sonnenstudio.grandamp.de\/index.php?rest_route=\/wp\/v2\/pages"}],"about":[{"href":"https:\/\/sonnenstudio.grandamp.de\/index.php?rest_route=\/wp\/v2\/types\/page"}],"author":[{"embeddable":true,"href":"https:\/\/sonnenstudio.grandamp.de\/index.php?rest_route=\/wp\/v2\/users\/1"}],"replies":[{"embeddable":true,"href":"https:\/\/sonnenstudio.grandamp.de\/index.php?rest_route=%2Fwp%2Fv2%2Fcomments&post=26"}],"version-history":[{"count":1,"href":"https:\/\/sonnenstudio.grandamp.de\/index.php?rest_route=\/wp\/v2\/pages\/26\/revisions"}],"predecessor-version":[{"id":182,"href":"https:\/\/sonnenstudio.grandamp.de\/index.php?rest_route=\/wp\/v2\/pages\/26\/revisions\/182"}],"wp:attachment":[{"href":"https:\/\/sonnenstudio.grandamp.de\/index.php?rest_route=%2Fwp%2Fv2%2Fmedia&parent=26"}],"curies":[{"name":"wp","href":"https:\/\/api.w.org\/{rel}","templated":true}]}}